{"id":2393,"date":"2024-02-06T06:25:16","date_gmt":"2024-02-06T06:25:16","guid":{"rendered":"https:\/\/screenmediagroup.com\/esp\/?page_id=2393"},"modified":"2025-10-29T16:19:13","modified_gmt":"2025-10-29T16:19:13","slug":"home","status":"publish","type":"page","link":"https:\/\/screenmediagroup.com\/esp\/","title":{"rendered":"Home"},"content":{"rendered":"","protected":false},"excerpt":{"rendered":"","protected":false},"author":1,"featured_media":2410,"parent":0,"menu_order":0,"comment_status":"closed","ping_status":"closed","template":"templates\/new-home.php","meta":{"inline_featured_image":false,"footnotes":""},"class_list":["post-2393","page","type-page","status-publish","has-post-thumbnail","hentry"],"yoast_head":"<!-- This site is optimized with the Yoast SEO plugin v19.3 - https:\/\/yoast.com\/wordpress\/plugins\/seo\/ -->\n<title>Agencia de Marketing Digital Miami IA | Screen Media Group | Las Mejores Agencia de Inteligencia Artificial CDMX | Agencia de Marketing con IA | Agencia de Marketing con Inteligencia Artificial | AI Chatbot WhatsApp | Agentes de IA para empresas | Vender en USA | Agencia Shopify | Leads B2B | Chatbot | Go High Level Experto en automatizaciones | Integraciones de CRM con Chatbots en WhatsApp para ventas<\/title>\n<meta name=\"description\" content=\"Agencia de Marketing usando Inteligencia Artificial, l\u00edder en servicios digitales para la empresas Latina e Hispanas, enfocada en conquistar el mercado digital en los Estados Unidos. Escalamos marcas y empresas, proporcionando asesor\u00eda estrat\u00e9gica especializada en nichos desafiantes.\" \/>\n<meta name=\"robots\" content=\"index, follow, max-snippet:-1, max-image-preview:large, max-video-preview:-1\" \/>\n<link rel=\"canonical\" href=\"https:\/\/screenmediagroup.com\/esp\/\" \/>\n<meta property=\"og:locale\" content=\"es_ES\" \/>\n<meta property=\"og:type\" content=\"article\" \/>\n<meta property=\"og:title\" content=\"Agencia de Marketing Digital Miami IA | Screen Media Group | Las Mejores Agencia de Inteligencia Artificial CDMX | Agencia de Marketing con IA | Agencia de Marketing con Inteligencia Artificial | AI Chatbot WhatsApp | Agentes de IA para empresas | Vender en USA | Agencia Shopify | Leads B2B | Chatbot | Go High Level Experto en automatizaciones | Integraciones de CRM con Chatbots en WhatsApp para ventas\" \/>\n<meta property=\"og:description\" content=\"Agencia de Marketing usando Inteligencia Artificial, l\u00edder en servicios digitales para la empresas Latina e Hispanas, enfocada en conquistar el mercado digital en los Estados Unidos. Escalamos marcas y empresas, proporcionando asesor\u00eda estrat\u00e9gica especializada en nichos desafiantes.\" \/>\n<meta property=\"og:url\" content=\"https:\/\/screenmediagroup.com\/esp\/\" \/>\n<meta property=\"og:site_name\" content=\"Agencia de Marketing Digital en Miami - Screen Media Group\" \/>\n<meta property=\"article:publisher\" content=\"https:\/\/www.facebook.com\/ScreenMediaGroup\" \/>\n<meta property=\"article:modified_time\" content=\"2025-10-29T16:19:13+00:00\" \/>\n<meta property=\"og:image\" content=\"https:\/\/screenmediagroup.com\/esp\/wp-content\/uploads\/sites\/3\/2024\/03\/cropped-Untitled-2-300x300-1.png\" \/>\n\t<meta property=\"og:image:width\" content=\"300\" \/>\n\t<meta property=\"og:image:height\" content=\"300\" \/>\n\t<meta property=\"og:image:type\" content=\"image\/png\" \/>\n<meta name=\"twitter:card\" content=\"summary_large_image\" \/>\n<meta name=\"twitter:site\" content=\"@smginteractivo\" \/>\n<!-- \/ Yoast SEO plugin. -->","yoast_head_json":{"title":"Agencia de Marketing Digital Miami IA | Screen Media Group | Las Mejores Agencia de Inteligencia Artificial CDMX | Agencia de Marketing con IA | Agencia de Marketing con Inteligencia Artificial | AI Chatbot WhatsApp | Agentes de IA para empresas | Vender en USA | Agencia Shopify | Leads B2B | Chatbot | Go High Level Experto en automatizaciones | Integraciones de CRM con Chatbots en WhatsApp para ventas","description":"Agencia de Marketing usando Inteligencia Artificial, l\u00edder en servicios digitales para la empresas Latina e Hispanas, enfocada en conquistar el mercado digital en los Estados Unidos. Escalamos marcas y empresas, proporcionando asesor\u00eda estrat\u00e9gica especializada en nichos desafiantes.","robots":{"index":"index","follow":"follow","max-snippet":"max-snippet:-1","max-image-preview":"max-image-preview:large","max-video-preview":"max-video-preview:-1"},"canonical":"https:\/\/screenmediagroup.com\/esp\/","og_locale":"es_ES","og_type":"article","og_title":"Agencia de Marketing Digital Miami IA | Screen Media Group | Las Mejores Agencia de Inteligencia Artificial CDMX | Agencia de Marketing con IA | Agencia de Marketing con Inteligencia Artificial | AI Chatbot WhatsApp | Agentes de IA para empresas | Vender en USA | Agencia Shopify | Leads B2B | Chatbot | Go High Level Experto en automatizaciones | Integraciones de CRM con Chatbots en WhatsApp para ventas","og_description":"Agencia de Marketing usando Inteligencia Artificial, l\u00edder en servicios digitales para la empresas Latina e Hispanas, enfocada en conquistar el mercado digital en los Estados Unidos. Escalamos marcas y empresas, proporcionando asesor\u00eda estrat\u00e9gica especializada en nichos desafiantes.","og_url":"https:\/\/screenmediagroup.com\/esp\/","og_site_name":"Agencia de Marketing Digital en Miami - Screen Media Group","article_publisher":"https:\/\/www.facebook.com\/ScreenMediaGroup","article_modified_time":"2025-10-29T16:19:13+00:00","og_image":[{"width":300,"height":300,"url":"https:\/\/screenmediagroup.com\/esp\/wp-content\/uploads\/sites\/3\/2024\/03\/cropped-Untitled-2-300x300-1.png","type":"image\/png"}],"twitter_card":"summary_large_image","twitter_site":"@smginteractivo","schema":{"@context":"https:\/\/schema.org","@graph":[{"@type":"Organization","@id":"https:\/\/screenmediagroup.com\/esp\/#organization","name":"Agencia de Marketing Digital | Screen Media Group | Agencia Web | Empresa de Mercadeo | Top de las Agencias | Vende en USA | Shopify Partner | Tiendas Digitales","url":"https:\/\/screenmediagroup.com\/esp\/","sameAs":["https:\/\/www.instagram.com\/screenmediagroup\/","https:\/\/www.linkedin.com\/company\/screen-media-group","https:\/\/pinterest.com\/smginteractivo\/","https:\/\/www.youtube.com\/channel\/UC8zrHMWJ79M3d10kjHtqlHA","https:\/\/www.facebook.com\/ScreenMediaGroup","https:\/\/twitter.com\/smginteractivo"],"logo":{"@type":"ImageObject","inLanguage":"es","@id":"https:\/\/screenmediagroup.com\/esp\/#\/schema\/logo\/image\/","url":"https:\/\/screenmediagroup.com\/esp\/wp-content\/uploads\/sites\/3\/2023\/03\/cropped-favicon-SMG.png","contentUrl":"https:\/\/screenmediagroup.com\/esp\/wp-content\/uploads\/sites\/3\/2023\/03\/cropped-favicon-SMG.png","width":512,"height":512,"caption":"Agencia de Marketing Digital | Screen Media Group | Agencia Web | Empresa de Mercadeo | Top de las Agencias | Vende en USA | Shopify Partner | Tiendas Digitales"},"image":{"@id":"https:\/\/screenmediagroup.com\/esp\/#\/schema\/logo\/image\/"}},{"@type":"WebSite","@id":"https:\/\/screenmediagroup.com\/esp\/#website","url":"https:\/\/screenmediagroup.com\/esp\/","name":"Agencia de Marketing Digital en Miami - Screen Media Group","description":"Agencia de marketing digital en Miami, Recibe acompa\u00f1amiento digital, integral y profesional paso a paso de acuerdo a una metodolog\u00eda validada en cientos de proyectos en internet con Startups, Tiendas Online, Comercio Electr\u00f3nico, Ventas por internet, Inbound Marketing, SEO Web On-Site y Off-Site","publisher":{"@id":"https:\/\/screenmediagroup.com\/esp\/#organization"},"potentialAction":[{"@type":"SearchAction","target":{"@type":"EntryPoint","urlTemplate":"https:\/\/screenmediagroup.com\/esp\/?s={search_term_string}"},"query-input":"required name=search_term_string"}],"inLanguage":"es"},{"@type":"ImageObject","inLanguage":"es","@id":"https:\/\/screenmediagroup.com\/esp\/#primaryimage","url":"https:\/\/screenmediagroup.com\/esp\/wp-content\/uploads\/sites\/3\/2024\/03\/cropped-Untitled-2-300x300-1.png","contentUrl":"https:\/\/screenmediagroup.com\/esp\/wp-content\/uploads\/sites\/3\/2024\/03\/cropped-Untitled-2-300x300-1.png","width":300,"height":300},{"@type":"WebPage","@id":"https:\/\/screenmediagroup.com\/esp\/","url":"https:\/\/screenmediagroup.com\/esp\/","name":"Agencia de Marketing Digital Miami IA | Screen Media Group | Las Mejores Agencia de Inteligencia Artificial CDMX | Agencia de Marketing con IA | Agencia de Marketing con Inteligencia Artificial | AI Chatbot WhatsApp | Agentes de IA para empresas | Vender en USA | Agencia Shopify | Leads B2B | Chatbot | Go High Level Experto en automatizaciones | Integraciones de CRM con Chatbots en WhatsApp para ventas","isPartOf":{"@id":"https:\/\/screenmediagroup.com\/esp\/#website"},"primaryImageOfPage":{"@id":"https:\/\/screenmediagroup.com\/esp\/#primaryimage"},"datePublished":"2024-02-06T06:25:16+00:00","dateModified":"2025-10-29T16:19:13+00:00","description":"Agencia de Marketing usando Inteligencia Artificial, l\u00edder en servicios digitales para la empresas Latina e Hispanas, enfocada en conquistar el mercado digital en los Estados Unidos. Escalamos marcas y empresas, proporcionando asesor\u00eda estrat\u00e9gica especializada en nichos desafiantes.","breadcrumb":{"@id":"https:\/\/screenmediagroup.com\/esp\/#breadcrumb"},"inLanguage":"es","potentialAction":[{"@type":"ReadAction","target":["https:\/\/screenmediagroup.com\/esp\/"]}]},{"@type":"BreadcrumbList","@id":"https:\/\/screenmediagroup.com\/esp\/#breadcrumb","itemListElement":[{"@type":"ListItem","position":1,"name":"Agencia de Marketing en Miami","item":"https:\/\/screenmediagroup.com\/esp\/"},{"@type":"ListItem","position":2,"name":"Home"}]}]}},"_links":{"self":[{"href":"https:\/\/screenmediagroup.com\/esp\/wp-json\/wp\/v2\/pages\/2393","targetHints":{"allow":["GET"]}}],"collection":[{"href":"https:\/\/screenmediagroup.com\/esp\/wp-json\/wp\/v2\/pages"}],"about":[{"href":"https:\/\/screenmediagroup.com\/esp\/wp-json\/wp\/v2\/types\/page"}],"author":[{"embeddable":true,"href":"https:\/\/screenmediagroup.com\/esp\/wp-json\/wp\/v2\/users\/1"}],"replies":[{"embeddable":true,"href":"https:\/\/screenmediagroup.com\/esp\/wp-json\/wp\/v2\/comments?post=2393"}],"version-history":[{"count":3,"href":"https:\/\/screenmediagroup.com\/esp\/wp-json\/wp\/v2\/pages\/2393\/revisions"}],"predecessor-version":[{"id":2412,"href":"https:\/\/screenmediagroup.com\/esp\/wp-json\/wp\/v2\/pages\/2393\/revisions\/2412"}],"wp:featuredmedia":[{"embeddable":true,"href":"https:\/\/screenmediagroup.com\/esp\/wp-json\/wp\/v2\/media\/2410"}],"wp:attachment":[{"href":"https:\/\/screenmediagroup.com\/esp\/wp-json\/wp\/v2\/media?parent=2393"}],"curies":[{"name":"wp","href":"https:\/\/api.w.org\/{rel}","templated":true}]}}