{"id":1237,"date":"2016-11-28T15:35:05","date_gmt":"2016-11-28T15:35:05","guid":{"rendered":"https:\/\/screenmediagroup.com\/esp\/?page_id=1237"},"modified":"2023-04-27T19:36:47","modified_gmt":"2023-04-27T19:36:47","slug":"agencia-digital-miami","status":"publish","type":"page","link":"https:\/\/screenmediagroup.com\/esp\/agencia-digital-miami\/","title":{"rendered":"Empresa de Marketing Digital en Miami | Screen Media Group"},"content":{"rendered":"<h1>AGENCIA DIGITAL MIAMI PARA MARKETING ONLINE Y DESARROLLOS WEB<\/h1>\n<p>&nbsp;<\/p>\n<h3>La mejor agencia digital en miami de Marketing Online para tu empresa<\/h3>\n<div class=\"text-center\"><a href=\"#inbound-marketing\" class=\"smooth-anchor btn btn-lg btn-primary hvr-pulse-grow\">Mejora tu posicionamiento en Google<\/a><\/div>\n<p><!--more--><\/p>\n<h2>En que puede ayudarme una Agencia Digital Miami?<\/h2>\n<h4>Una agencia digital en Miami, como nosotros, se especializa en:<\/h4>\n<p><!--more--><\/p>\n<h2>Desarrollos de la mejor agencia digital en Miami<\/h2>\n<h3>Desarrollos Web, Marketing Online, Campa\u00f1as Web y An\u00e1lisis<\/h3>\n<p><!--more--><\/p>\n<h2>ALGUNOS CLIENTES QUE HAN CONFIADO EN LA MEJOR AGENCIA DIGITAL&nbsp;MIAMI<\/h2>\n<p><!--more--><\/p>\n<h2 class=\"wow fadeIn\"><strong>\u00bfPOR QU\u00c9 UTILIZAR UNA AGENCIA DIGITAL&nbsp;MIAMI?<\/strong><\/h2>\n<h2 class=\"wow fadeIn\">CON M\u00c1S DE <span class=\"counter\" data-from=\"1\" data-to=\"18\" data-interval=\"12\" data-step=\"5\">18<\/span> A\u00d1OS DE EXPERIENCIA EN EL DESARROLLO WEB EN MIAMI Y DEL MARKETING DIGITAL EN MIAMI, SCREEN MEDIA GROUP ES TU MEJOR OPCI\u00d3N<\/h2>\n<p><!--more--><\/p>\n<h2><strong>AGENCIA DIGITAL EN MIAMI CON M\u00c1S DE <span class=\"counter\" data-from=\"1\" data-to=\"1500\" data-interval=\"12\" data-step=\"5\">1500<\/span> PROYECTOS DESARROLLADOS, \u00bfTE AYUDAMOS CON EL TUYO?<\/strong><\/h2>\n","protected":false},"excerpt":{"rendered":"<p>AGENCIA DIGITAL MIAMI PARA MARKETING ONLINE Y DESARROLLOS WEB &nbsp; La mejor agencia digital en miami de Marketing Online para tu empresa<\/p>\n","protected":false},"author":11,"featured_media":2224,"parent":0,"menu_order":0,"comment_status":"closed","ping_status":"closed","template":"template-landing-home.php","meta":{"inline_featured_image":false,"footnotes":""},"class_list":["post-1237","page","type-page","status-publish","has-post-thumbnail","hentry"],"yoast_head":"<!-- This site is optimized with the Yoast SEO plugin v19.3 - https:\/\/yoast.com\/wordpress\/plugins\/seo\/ -->\n<title>Empresa de Marketing Digital en Miami | Screen Media Group<\/title>\n<meta name=\"description\" content=\"Contamos con m\u00e1s de 22 a\u00f1os de experiencia y hemos llevado a cabo exitosamente m\u00e1s de 1,500 proyectos de marketing digital en Miami y Latinoam\u00e9rica.\" \/>\n<meta name=\"robots\" content=\"index, follow, max-snippet:-1, max-image-preview:large, max-video-preview:-1\" \/>\n<link rel=\"canonical\" href=\"https:\/\/screenmediagroup.com\/esp\/agencia-digital-miami\/\" \/>\n<meta property=\"og:locale\" content=\"es_ES\" \/>\n<meta property=\"og:type\" content=\"article\" \/>\n<meta property=\"og:title\" content=\"Empresa de Marketing Digital en Miami | Screen Media Group\" \/>\n<meta property=\"og:description\" content=\"Contamos con m\u00e1s de 22 a\u00f1os de experiencia y hemos llevado a cabo exitosamente m\u00e1s de 1,500 proyectos de marketing digital en Miami y Latinoam\u00e9rica.\" \/>\n<meta property=\"og:url\" content=\"https:\/\/screenmediagroup.com\/esp\/agencia-digital-miami\/\" \/>\n<meta property=\"og:site_name\" content=\"Agencia de Marketing Digital en Miami - Screen Media Group\" \/>\n<meta property=\"article:publisher\" content=\"https:\/\/www.facebook.com\/ScreenMediaGroup\" \/>\n<meta property=\"article:modified_time\" content=\"2023-04-27T19:36:47+00:00\" \/>\n<meta property=\"og:image\" content=\"https:\/\/screenmediagroup.com\/esp\/wp-content\/uploads\/sites\/3\/2023\/02\/cropped-Untitled-2-300x300-1.png\" \/>\n\t<meta property=\"og:image:width\" content=\"300\" \/>\n\t<meta property=\"og:image:height\" content=\"300\" \/>\n\t<meta property=\"og:image:type\" content=\"image\/png\" \/>\n<meta name=\"twitter:card\" content=\"summary_large_image\" \/>\n<meta name=\"twitter:site\" content=\"@smginteractivo\" \/>\n<meta name=\"twitter:label1\" content=\"Tiempo de lectura\" \/>\n\t<meta name=\"twitter:data1\" content=\"1 minuto\" \/>\n<!-- \/ Yoast SEO plugin. -->","yoast_head_json":{"title":"Empresa de Marketing Digital en Miami | Screen Media Group","description":"Contamos con m\u00e1s de 22 a\u00f1os de experiencia y hemos llevado a cabo exitosamente m\u00e1s de 1,500 proyectos de marketing digital en Miami y Latinoam\u00e9rica.","robots":{"index":"index","follow":"follow","max-snippet":"max-snippet:-1","max-image-preview":"max-image-preview:large","max-video-preview":"max-video-preview:-1"},"canonical":"https:\/\/screenmediagroup.com\/esp\/agencia-digital-miami\/","og_locale":"es_ES","og_type":"article","og_title":"Empresa de Marketing Digital en Miami | Screen Media Group","og_description":"Contamos con m\u00e1s de 22 a\u00f1os de experiencia y hemos llevado a cabo exitosamente m\u00e1s de 1,500 proyectos de marketing digital en Miami y Latinoam\u00e9rica.","og_url":"https:\/\/screenmediagroup.com\/esp\/agencia-digital-miami\/","og_site_name":"Agencia de Marketing Digital en Miami - Screen Media Group","article_publisher":"https:\/\/www.facebook.com\/ScreenMediaGroup","article_modified_time":"2023-04-27T19:36:47+00:00","og_image":[{"width":300,"height":300,"url":"https:\/\/screenmediagroup.com\/esp\/wp-content\/uploads\/sites\/3\/2023\/02\/cropped-Untitled-2-300x300-1.png","type":"image\/png"}],"twitter_card":"summary_large_image","twitter_site":"@smginteractivo","twitter_misc":{"Tiempo de lectura":"1 minuto"},"schema":{"@context":"https:\/\/schema.org","@graph":[{"@type":"Organization","@id":"https:\/\/screenmediagroup.com\/esp\/#organization","name":"Agencia de Marketing Digital | Screen Media Group | Agencia Web | Empresa de Mercadeo | Top de las Agencias | Vende en USA | Shopify Partner | Tiendas Digitales","url":"https:\/\/screenmediagroup.com\/esp\/","sameAs":["https:\/\/www.instagram.com\/screenmediagroup\/","https:\/\/www.linkedin.com\/company\/screen-media-group","https:\/\/pinterest.com\/smginteractivo\/","https:\/\/www.youtube.com\/channel\/UC8zrHMWJ79M3d10kjHtqlHA","https:\/\/www.facebook.com\/ScreenMediaGroup","https:\/\/twitter.com\/smginteractivo"],"logo":{"@type":"ImageObject","inLanguage":"es","@id":"https:\/\/screenmediagroup.com\/esp\/#\/schema\/logo\/image\/","url":"https:\/\/screenmediagroup.com\/esp\/wp-content\/uploads\/sites\/3\/2023\/03\/cropped-favicon-SMG.png","contentUrl":"https:\/\/screenmediagroup.com\/esp\/wp-content\/uploads\/sites\/3\/2023\/03\/cropped-favicon-SMG.png","width":512,"height":512,"caption":"Agencia de Marketing Digital | Screen Media Group | Agencia Web | Empresa de Mercadeo | Top de las Agencias | Vende en USA | Shopify Partner | Tiendas Digitales"},"image":{"@id":"https:\/\/screenmediagroup.com\/esp\/#\/schema\/logo\/image\/"}},{"@type":"WebSite","@id":"https:\/\/screenmediagroup.com\/esp\/#website","url":"https:\/\/screenmediagroup.com\/esp\/","name":"Agencia de Marketing Digital en Miami - Screen Media Group","description":"Agencia de marketing digital en Miami, Recibe acompa\u00f1amiento digital, integral y profesional paso a paso de acuerdo a una metodolog\u00eda validada en cientos de proyectos en internet con Startups, Tiendas Online, Comercio Electr\u00f3nico, Ventas por internet, Inbound Marketing, SEO Web On-Site y Off-Site","publisher":{"@id":"https:\/\/screenmediagroup.com\/esp\/#organization"},"potentialAction":[{"@type":"SearchAction","target":{"@type":"EntryPoint","urlTemplate":"https:\/\/screenmediagroup.com\/esp\/?s={search_term_string}"},"query-input":"required name=search_term_string"}],"inLanguage":"es"},{"@type":"ImageObject","inLanguage":"es","@id":"https:\/\/screenmediagroup.com\/esp\/agencia-digital-miami\/#primaryimage","url":"https:\/\/screenmediagroup.com\/esp\/wp-content\/uploads\/sites\/3\/2023\/02\/cropped-Untitled-2-300x300-1.png","contentUrl":"https:\/\/screenmediagroup.com\/esp\/wp-content\/uploads\/sites\/3\/2023\/02\/cropped-Untitled-2-300x300-1.png","width":300,"height":300},{"@type":"WebPage","@id":"https:\/\/screenmediagroup.com\/esp\/agencia-digital-miami\/","url":"https:\/\/screenmediagroup.com\/esp\/agencia-digital-miami\/","name":"Empresa de Marketing Digital en Miami | Screen Media Group","isPartOf":{"@id":"https:\/\/screenmediagroup.com\/esp\/#website"},"primaryImageOfPage":{"@id":"https:\/\/screenmediagroup.com\/esp\/agencia-digital-miami\/#primaryimage"},"datePublished":"2016-11-28T15:35:05+00:00","dateModified":"2023-04-27T19:36:47+00:00","description":"Contamos con m\u00e1s de 22 a\u00f1os de experiencia y hemos llevado a cabo exitosamente m\u00e1s de 1,500 proyectos de marketing digital en Miami y Latinoam\u00e9rica.","breadcrumb":{"@id":"https:\/\/screenmediagroup.com\/esp\/agencia-digital-miami\/#breadcrumb"},"inLanguage":"es","potentialAction":[{"@type":"ReadAction","target":["https:\/\/screenmediagroup.com\/esp\/agencia-digital-miami\/"]}]},{"@type":"BreadcrumbList","@id":"https:\/\/screenmediagroup.com\/esp\/agencia-digital-miami\/#breadcrumb","itemListElement":[{"@type":"ListItem","position":1,"name":"Agencia de Marketing en Miami","item":"https:\/\/screenmediagroup.com\/esp\/"},{"@type":"ListItem","position":2,"name":"Empresa de Marketing Digital en Miami | Screen Media Group"}]}]}},"_links":{"self":[{"href":"https:\/\/screenmediagroup.com\/esp\/wp-json\/wp\/v2\/pages\/1237","targetHints":{"allow":["GET"]}}],"collection":[{"href":"https:\/\/screenmediagroup.com\/esp\/wp-json\/wp\/v2\/pages"}],"about":[{"href":"https:\/\/screenmediagroup.com\/esp\/wp-json\/wp\/v2\/types\/page"}],"author":[{"embeddable":true,"href":"https:\/\/screenmediagroup.com\/esp\/wp-json\/wp\/v2\/users\/11"}],"replies":[{"embeddable":true,"href":"https:\/\/screenmediagroup.com\/esp\/wp-json\/wp\/v2\/comments?post=1237"}],"version-history":[{"count":5,"href":"https:\/\/screenmediagroup.com\/esp\/wp-json\/wp\/v2\/pages\/1237\/revisions"}],"predecessor-version":[{"id":2220,"href":"https:\/\/screenmediagroup.com\/esp\/wp-json\/wp\/v2\/pages\/1237\/revisions\/2220"}],"wp:featuredmedia":[{"embeddable":true,"href":"https:\/\/screenmediagroup.com\/esp\/wp-json\/wp\/v2\/media\/2224"}],"wp:attachment":[{"href":"https:\/\/screenmediagroup.com\/esp\/wp-json\/wp\/v2\/media?parent=1237"}],"curies":[{"name":"wp","href":"https:\/\/api.w.org\/{rel}","templated":true}]}}