{"id":1090,"date":"2023-03-19T15:35:00","date_gmt":"2023-03-19T15:35:00","guid":{"rendered":"https:\/\/screenmediagroup.com\/esp\/?page_id=1090"},"modified":"2024-03-01T21:09:42","modified_gmt":"2024-03-01T21:09:42","slug":"es_home_2023","status":"publish","type":"page","link":"https:\/\/screenmediagroup.com\/esp\/es_home_2023\/","title":{"rendered":"Estrategias Digitales | Agencia de Marketing Digital en Miami | Screen Media Group | Agencia Digital | Empresa Marketing Miami y Florida | Agencia Web | Agencia para Escalar mi Negocio | Top Agencia | Vender en USA | Lanzamientos | Agencia Shopify Partner | Redes Sociales |"},"content":{"rendered":"","protected":false},"excerpt":{"rendered":"","protected":false},"author":3,"featured_media":2224,"parent":0,"menu_order":0,"comment_status":"closed","ping_status":"closed","template":"template-landing-home.php","meta":{"inline_featured_image":false,"footnotes":""},"class_list":["post-1090","page","type-page","status-publish","has-post-thumbnail","hentry"],"yoast_head":"<!-- This site is optimized with the Yoast SEO plugin v19.3 - https:\/\/yoast.com\/wordpress\/plugins\/seo\/ -->\n<title>Agencia de Marketing Digital en Miami | Screen Media Group | Escalar mi Negocio | Escalar mi Marca | Top de las Agencias | Vender en USA | Agencia Shopify | Conversiones | Leads y Clientes B2B | Automatizaci\u00f3n | Adquirir Clientes | Ecommerce | Ads en Google | Ads en Meta | Ads en Linkedin<\/title>\n<meta name=\"description\" content=\"Agencia l\u00edder en el \u00e1mbito digital para la comunidad Latina e Hispana, enfocada en conquistar el mercado digital en los Estados Unidos. Sobresalimos en el impulso de marcas y empresas, proporcionando asesor\u00eda estrat\u00e9gica especializada en nichos desafiantes.\" \/>\n<meta name=\"robots\" content=\"index, follow, max-snippet:-1, max-image-preview:large, max-video-preview:-1\" \/>\n<link rel=\"canonical\" href=\"https:\/\/screenmediagroup.com\/esp\/es_home_2023\/\" \/>\n<meta property=\"og:locale\" content=\"es_ES\" \/>\n<meta property=\"og:type\" content=\"article\" \/>\n<meta property=\"og:title\" content=\"Agencia de Marketing Digital en Miami | Screen Media Group | Escalar mi Negocio | Escalar mi Marca | Top de las Agencias | Vender en USA | Agencia Shopify | Conversiones | Leads y Clientes B2B | Automatizaci\u00f3n | Adquirir Clientes | Ecommerce | Ads en Google | Ads en Meta | Ads en Linkedin\" \/>\n<meta property=\"og:description\" content=\"Agencia l\u00edder en el \u00e1mbito digital para la comunidad Latina e Hispana, enfocada en conquistar el mercado digital en los Estados Unidos. Sobresalimos en el impulso de marcas y empresas, proporcionando asesor\u00eda estrat\u00e9gica especializada en nichos desafiantes.\" \/>\n<meta property=\"og:url\" content=\"https:\/\/screenmediagroup.com\/esp\/es_home_2023\/\" \/>\n<meta property=\"og:site_name\" content=\"Agencia de Marketing Digital en Miami - Screen Media Group\" \/>\n<meta property=\"article:publisher\" content=\"https:\/\/www.facebook.com\/ScreenMediaGroup\" \/>\n<meta property=\"article:modified_time\" content=\"2024-03-01T21:09:42+00:00\" \/>\n<meta property=\"og:image\" content=\"https:\/\/screenmediagroup.com\/esp\/wp-content\/uploads\/sites\/3\/2023\/02\/cropped-Untitled-2-300x300-1.png\" \/>\n\t<meta property=\"og:image:width\" content=\"300\" \/>\n\t<meta property=\"og:image:height\" content=\"300\" \/>\n\t<meta property=\"og:image:type\" content=\"image\/png\" \/>\n<meta name=\"twitter:card\" content=\"summary_large_image\" \/>\n<meta name=\"twitter:image\" content=\"https:\/\/screenmediagroup.com\/esp\/wp-content\/uploads\/sites\/3\/2023\/02\/cropped-Untitled-2-300x300-1.png\" \/>\n<meta name=\"twitter:site\" content=\"@smginteractivo\" \/>\n<!-- \/ Yoast SEO plugin. -->","yoast_head_json":{"title":"Agencia de Marketing Digital en Miami | Screen Media Group | Escalar mi Negocio | Escalar mi Marca | Top de las Agencias | Vender en USA | Agencia Shopify | Conversiones | Leads y Clientes B2B | Automatizaci\u00f3n | Adquirir Clientes | Ecommerce | Ads en Google | Ads en Meta | Ads en Linkedin","description":"Agencia l\u00edder en el \u00e1mbito digital para la comunidad Latina e Hispana, enfocada en conquistar el mercado digital en los Estados Unidos. Sobresalimos en el impulso de marcas y empresas, proporcionando asesor\u00eda estrat\u00e9gica especializada en nichos desafiantes.","robots":{"index":"index","follow":"follow","max-snippet":"max-snippet:-1","max-image-preview":"max-image-preview:large","max-video-preview":"max-video-preview:-1"},"canonical":"https:\/\/screenmediagroup.com\/esp\/es_home_2023\/","og_locale":"es_ES","og_type":"article","og_title":"Agencia de Marketing Digital en Miami | Screen Media Group | Escalar mi Negocio | Escalar mi Marca | Top de las Agencias | Vender en USA | Agencia Shopify | Conversiones | Leads y Clientes B2B | Automatizaci\u00f3n | Adquirir Clientes | Ecommerce | Ads en Google | Ads en Meta | Ads en Linkedin","og_description":"Agencia l\u00edder en el \u00e1mbito digital para la comunidad Latina e Hispana, enfocada en conquistar el mercado digital en los Estados Unidos. Sobresalimos en el impulso de marcas y empresas, proporcionando asesor\u00eda estrat\u00e9gica especializada en nichos desafiantes.","og_url":"https:\/\/screenmediagroup.com\/esp\/es_home_2023\/","og_site_name":"Agencia de Marketing Digital en Miami - Screen Media Group","article_publisher":"https:\/\/www.facebook.com\/ScreenMediaGroup","article_modified_time":"2024-03-01T21:09:42+00:00","og_image":[{"width":300,"height":300,"url":"https:\/\/screenmediagroup.com\/esp\/wp-content\/uploads\/sites\/3\/2023\/02\/cropped-Untitled-2-300x300-1.png","type":"image\/png"}],"twitter_card":"summary_large_image","twitter_image":"https:\/\/screenmediagroup.com\/esp\/wp-content\/uploads\/sites\/3\/2023\/02\/cropped-Untitled-2-300x300-1.png","twitter_site":"@smginteractivo","schema":{"@context":"https:\/\/schema.org","@graph":[{"@type":"Organization","@id":"https:\/\/screenmediagroup.com\/esp\/#organization","name":"Agencia de Marketing Digital | Screen Media Group | Agencia Web | Empresa de Mercadeo | Top de las Agencias | Vende en USA | Shopify Partner | Tiendas Digitales","url":"https:\/\/screenmediagroup.com\/esp\/","sameAs":["https:\/\/www.instagram.com\/screenmediagroup\/","https:\/\/www.linkedin.com\/company\/screen-media-group","https:\/\/pinterest.com\/smginteractivo\/","https:\/\/www.youtube.com\/channel\/UC8zrHMWJ79M3d10kjHtqlHA","https:\/\/www.facebook.com\/ScreenMediaGroup","https:\/\/twitter.com\/smginteractivo"],"logo":{"@type":"ImageObject","inLanguage":"es","@id":"https:\/\/screenmediagroup.com\/esp\/#\/schema\/logo\/image\/","url":"https:\/\/screenmediagroup.com\/esp\/wp-content\/uploads\/sites\/3\/2023\/03\/cropped-favicon-SMG.png","contentUrl":"https:\/\/screenmediagroup.com\/esp\/wp-content\/uploads\/sites\/3\/2023\/03\/cropped-favicon-SMG.png","width":512,"height":512,"caption":"Agencia de Marketing Digital | Screen Media Group | Agencia Web | Empresa de Mercadeo | Top de las Agencias | Vende en USA | Shopify Partner | Tiendas Digitales"},"image":{"@id":"https:\/\/screenmediagroup.com\/esp\/#\/schema\/logo\/image\/"}},{"@type":"WebSite","@id":"https:\/\/screenmediagroup.com\/esp\/#website","url":"https:\/\/screenmediagroup.com\/esp\/","name":"Agencia de Marketing Digital en Miami - Screen Media Group","description":"Agencia de marketing digital en Miami, Recibe acompa\u00f1amiento digital, integral y profesional paso a paso de acuerdo a una metodolog\u00eda validada en cientos de proyectos en internet con Startups, Tiendas Online, Comercio Electr\u00f3nico, Ventas por internet, Inbound Marketing, SEO Web On-Site y Off-Site","publisher":{"@id":"https:\/\/screenmediagroup.com\/esp\/#organization"},"potentialAction":[{"@type":"SearchAction","target":{"@type":"EntryPoint","urlTemplate":"https:\/\/screenmediagroup.com\/esp\/?s={search_term_string}"},"query-input":"required name=search_term_string"}],"inLanguage":"es"},{"@type":"ImageObject","inLanguage":"es","@id":"https:\/\/screenmediagroup.com\/esp\/es_home_2023\/#primaryimage","url":"https:\/\/screenmediagroup.com\/esp\/wp-content\/uploads\/sites\/3\/2023\/02\/cropped-Untitled-2-300x300-1.png","contentUrl":"https:\/\/screenmediagroup.com\/esp\/wp-content\/uploads\/sites\/3\/2023\/02\/cropped-Untitled-2-300x300-1.png","width":300,"height":300},{"@type":"WebPage","@id":"https:\/\/screenmediagroup.com\/esp\/es_home_2023\/","url":"https:\/\/screenmediagroup.com\/esp\/es_home_2023\/","name":"Agencia de Marketing Digital en Miami | Screen Media Group | Escalar mi Negocio | Escalar mi Marca | Top de las Agencias | Vender en USA | Agencia Shopify | Conversiones | Leads y Clientes B2B | Automatizaci\u00f3n | Adquirir Clientes | Ecommerce | Ads en Google | Ads en Meta | Ads en Linkedin","isPartOf":{"@id":"https:\/\/screenmediagroup.com\/esp\/#website"},"primaryImageOfPage":{"@id":"https:\/\/screenmediagroup.com\/esp\/es_home_2023\/#primaryimage"},"datePublished":"2023-03-19T15:35:00+00:00","dateModified":"2024-03-01T21:09:42+00:00","description":"Agencia l\u00edder en el \u00e1mbito digital para la comunidad Latina e Hispana, enfocada en conquistar el mercado digital en los Estados Unidos. Sobresalimos en el impulso de marcas y empresas, proporcionando asesor\u00eda estrat\u00e9gica especializada en nichos desafiantes.","breadcrumb":{"@id":"https:\/\/screenmediagroup.com\/esp\/es_home_2023\/#breadcrumb"},"inLanguage":"es","potentialAction":[{"@type":"ReadAction","target":["https:\/\/screenmediagroup.com\/esp\/es_home_2023\/"]}]},{"@type":"BreadcrumbList","@id":"https:\/\/screenmediagroup.com\/esp\/es_home_2023\/#breadcrumb","itemListElement":[{"@type":"ListItem","position":1,"name":"Agencia de Marketing en Miami","item":"https:\/\/screenmediagroup.com\/esp\/"},{"@type":"ListItem","position":2,"name":"Estrategias Digitales | Agencia de Marketing Digital en Miami | Screen Media Group | Agencia Digital | Empresa Marketing Miami y Florida | Agencia Web | Agencia para Escalar mi Negocio | Top Agencia | Vender en USA | Lanzamientos | Agencia Shopify Partner | Redes Sociales |"}]}]}},"_links":{"self":[{"href":"https:\/\/screenmediagroup.com\/esp\/wp-json\/wp\/v2\/pages\/1090","targetHints":{"allow":["GET"]}}],"collection":[{"href":"https:\/\/screenmediagroup.com\/esp\/wp-json\/wp\/v2\/pages"}],"about":[{"href":"https:\/\/screenmediagroup.com\/esp\/wp-json\/wp\/v2\/types\/page"}],"author":[{"embeddable":true,"href":"https:\/\/screenmediagroup.com\/esp\/wp-json\/wp\/v2\/users\/3"}],"replies":[{"embeddable":true,"href":"https:\/\/screenmediagroup.com\/esp\/wp-json\/wp\/v2\/comments?post=1090"}],"version-history":[{"count":52,"href":"https:\/\/screenmediagroup.com\/esp\/wp-json\/wp\/v2\/pages\/1090\/revisions"}],"predecessor-version":[{"id":2376,"href":"https:\/\/screenmediagroup.com\/esp\/wp-json\/wp\/v2\/pages\/1090\/revisions\/2376"}],"wp:featuredmedia":[{"embeddable":true,"href":"https:\/\/screenmediagroup.com\/esp\/wp-json\/wp\/v2\/media\/2224"}],"wp:attachment":[{"href":"https:\/\/screenmediagroup.com\/esp\/wp-json\/wp\/v2\/media?parent=1090"}],"curies":[{"name":"wp","href":"https:\/\/api.w.org\/{rel}","templated":true}]}}