{"id":1064,"date":"2016-11-25T15:53:58","date_gmt":"2016-11-25T15:53:58","guid":{"rendered":"https:\/\/screenmediagroup.com\/esp\/?page_id=1064"},"modified":"2017-02-13T19:45:32","modified_gmt":"2017-02-13T19:45:32","slug":"download-the-e-book-inbound-marketing","status":"publish","type":"page","link":"https:\/\/screenmediagroup.com\/esp\/convierte-nuevos-clientes-vende-mas-internet-traves-del-inbound-marketing-marketing-atraccion\/download-the-e-book-inbound-marketing\/","title":{"rendered":"Download the E-Book &#8211; Inbound Marketing"},"content":{"rendered":"<div id=\"pl-1064\"  class=\"panel-layout\" >\n<div id=\"pg-1064-0\"  class=\"panel-grid panel-has-style\" >\n<div class=\"so-parallax siteorigin-panels-stretch panel-row-style panel-row-style-for-1064-0\" data-stretch-type=\"full\" ><img  title=\"\" fetchpriority=\"high\" decoding=\"async\" width=\"2000\" height=\"882\" src=\"https:\/\/screenmediagroup.com\/esp\/wp-content\/uploads\/sites\/3\/2016\/11\/fondo.jpg\" class=\"attachment-full size-full\"  alt=\"agencia de marketing digital, agencia de marketing, agencia marketing digital, agencia digital, agencias de marketing digital en miami, mercadeo digital, agencia marketing, agencia de marketing online, agencias de marketing, agencias de marketing digital, empresa de marketing, empresa de marketing digital, marketing digital para, empresas de marketing digital, agencias en miami, agencia de dise\u00f1o web, marketing digital agencia, agencia dise\u00f1o web, empresas de marketing, mercado digital, agencia social media, agencia hispana, agencia de redes sociales, argencia de marketing digital en buenos aires, agencia redes sociales, ag\u00eancia marketing digital, agencia de publicidad digital, agencia de marketing y publicidad, agencia de marketing digital miami, oficinas de marketing digital, empresa marketing digital, agencia de dise\u00f1o web, agencia web, agencia desarrollo web, agencia de desarrollo web, desarrollo web miami, dise\u00f1o web seo miami, paginas web en miami, diseno web miami, dise\u00f1o web en miami, agencia marketing digital seo, agencia de seo miami, agencia digital seo, agencia seo miami, dise\u00f1o web seo miami, agencias de seo, agencia ecommerce, dise\u00f1o de paginas web, dise\u00f1o de paginas web en miami, agencia seo, agencia digital ecommerce, desarrollo de sitios web, dise\u00f1o y desarrollo web, desarrollo web miami, agencia de posicionamiento seo,\"  data-siteorigin-parallax=\"true\" loading=\"eager\" srcset=\"https:\/\/screenmediagroup.com\/esp\/wp-content\/uploads\/sites\/3\/2016\/11\/fondo.jpg 2000w, https:\/\/screenmediagroup.com\/esp\/wp-content\/uploads\/sites\/3\/2016\/11\/fondo-300x132.jpg 300w, https:\/\/screenmediagroup.com\/esp\/wp-content\/uploads\/sites\/3\/2016\/11\/fondo-768x339.jpg 768w, https:\/\/screenmediagroup.com\/esp\/wp-content\/uploads\/sites\/3\/2016\/11\/fondo-1024x452.jpg 1024w\" sizes=\"(max-width: 2000px) 100vw, 2000px\" \/><\/p>\n<div id=\"pgc-1064-0-0\"  class=\"panel-grid-cell\" >\n<div id=\"panel-1064-0-0-0\" class=\"so-panel widget widget_sow-image panel-first-child panel-last-child\" data-index=\"0\" >\n<div\n\t\t\t\n\t\t\tclass=\"so-widget-sow-image so-widget-sow-image-default-0a36e82c757b-1064\"\n\t\t\t\n\t\t><\/p>\n<div class=\"sow-image-container\">\n\t\t<img  title=\"\" decoding=\"async\" src=\"https:\/\/screenmediagroup.com\/esp\/wp-content\/uploads\/sites\/3\/2016\/11\/libros.png\" width=\"1018\" height=\"714\" srcset=\"https:\/\/screenmediagroup.com\/esp\/wp-content\/uploads\/sites\/3\/2016\/11\/libros.png 1018w, https:\/\/screenmediagroup.com\/esp\/wp-content\/uploads\/sites\/3\/2016\/11\/libros-300x210.png 300w, https:\/\/screenmediagroup.com\/esp\/wp-content\/uploads\/sites\/3\/2016\/11\/libros-768x539.png 768w\" sizes=\"auto, (max-width: 1018px) 100vw, 1018px\"  alt=\"agencia de marketing digital, agencia de marketing, agencia marketing digital, agencia digital, agencias de marketing digital en miami, mercadeo digital, agencia marketing, agencia de marketing online, agencias de marketing, agencias de marketing digital, empresa de marketing, empresa de marketing digital, marketing digital para, empresas de marketing digital, agencias en miami, agencia de dise\u00f1o web, marketing digital agencia, agencia dise\u00f1o web, empresas de marketing, mercado digital, agencia social media, agencia hispana, agencia de redes sociales, argencia de marketing digital en buenos aires, agencia redes sociales, ag\u00eancia marketing digital, agencia de publicidad digital, agencia de marketing y publicidad, agencia de marketing digital miami, oficinas de marketing digital, empresa marketing digital, agencia de dise\u00f1o web, agencia web, agencia desarrollo web, agencia de desarrollo web, desarrollo web miami, dise\u00f1o web seo miami, paginas web en miami, diseno web miami, dise\u00f1o web en miami, agencia marketing digital seo, agencia de seo miami, agencia digital seo, agencia seo miami, dise\u00f1o web seo miami, agencias de seo, agencia ecommerce, dise\u00f1o de paginas web, dise\u00f1o de paginas web en miami, agencia seo, agencia digital ecommerce, desarrollo de sitios web, dise\u00f1o y desarrollo web, desarrollo web miami, agencia de posicionamiento seo,\"  loading=\"lazy\" \t\tclass=\"so-widget-image\"\/>\n\t<\/div>\n<\/div>\n<\/div>\n<\/div>\n<div id=\"pgc-1064-0-1\"  class=\"panel-grid-cell\" >\n<div id=\"panel-1064-0-1-0\" class=\"so-panel widget widget_sow-editor panel-first-child panel-last-child\" data-index=\"1\" >\n<div\n\t\t\t\n\t\t\tclass=\"so-widget-sow-editor so-widget-sow-editor-base\"\n\t\t\t\n\t\t><\/p>\n<div class=\"siteorigin-widget-tinymce textwidget\">\n<div class=\"col-md-12\">\n<form id=\"contact-form-shortcode\" method=\"post\">\n<div class=\"form-group\">\n<p>            <label for=\"contact-name\" class=\"control-label\">\ufeffTu nombre<\/label><\/p>\n<p>            <input type=\"text\" class=\"form-control\" id=\"contact-name\" name=\"contact-name\" required><\/p>\n<\/div>\n<div class=\"form-group\">\n<p>            <label for=\"contact-email\" class=\"control-label\">Tu email<\/label><\/p>\n<p>            <input type=\"email\" class=\"form-control\" id=\"contact-email\" name=\"contact-email\" required><\/p>\n<\/div>\n<div class=\"form-group\">\n<p>            <label for=\"contact-phone\" class=\"control-label\">Tu tel\u00e9fono<\/label><\/p>\n<p>            <input type=\"text\" class=\"form-control allow-integer\" id=\"contact-phone\" name=\"contact-phone\"\n                pattern=\".{0}|.{8,}\" title=\"8 d\u00edgitos m\u00ednimo\" required><\/p>\n<\/div>\n<div class=\"form-group\">\n<p>            <label for=\"contact-company\" class=\"control-label\">Nombre de tu empresa<\/label><\/p>\n<p>            <input type=\"text\" class=\"form-control\" id=\"contact-company\" name=\"contact-company\" required><\/p>\n<\/div>\n<div class=\"form-group\">\n<p>            <label for=\"contact-company-size\"\n                class=\"control-label\">Tama\u00f1o de tu empresa<\/label><\/p>\n<p>            <select name=\"contact-company-size\" id=\"contact-company-size\" class=\"form-control\" required><option value=\"\">Seleccione<\/option><option value=\"Solo yo\">S\u00f3lo yo<\/option><option value=\"1 - 5 personas\">Entre 2 y 5<\/option><option value=\"6 - 10 personas\">Entre 6 y 10<\/option><option value=\"11 - 25 personas\">Entre 11 y 25<\/option><option value=\"26 - 50 personas\">Entre 26 y 50<\/option><option value=\"50+ personas\">M\u00e1s de 50<\/option><\/select><\/p>\n<\/div>\n<div class=\"form-group\">\n<p>            <label for=\"contact-company-role\"\n                class=\"control-label\">Rol dentro de tu organizaci\u00f3n<\/label><\/p>\n<p>            <select name=\"contact-company-role\" id=\"contact-company-role\" class=\"form-control\" required><option value=\"\">Seleccione<\/option><option value=\"Soy propietario\/accionista\">Soy propietario\/accionista<\/option><option value=\"Formo parte de la directiva\">Formo parte de la directiva<\/option><option value=\"Soy Gerente General \/ Regional\">Soy Gerente General \/ Regional<\/option><option value=\"Dirijo un Departamento\">Dirijo un Departamento<\/option><option value=\"Superviso un equipo de trabajo\">Superviso un equipo de trabajo<\/option><option value=\"Soy un Asesor \/ Consultor\">Soy un Asesor \/ Consultor<\/option><option value=\"Formo parte de un departamento \/ equipo\">Formo parte de un departamento \/ equipo<\/option><\/select><\/p>\n<\/div>\n<div class=\"form-group\">\n<p>            <label class=\"control-label contact-services-layer\">Acerca de que productos te interesar\u00eda recibir<br \/>\n                informaci\u00f3n<\/label><\/p>\n<div class=\"shortcode-checkbox-layer-landing\">\n<p>                <input type=\"hidden\" name=\"interest\" value=\"User Disabled\">\n            <\/div>\n<\/p>\n<\/div>\n<p>        <input type=\"hidden\" name=\"interests[d671219fb8]\" value=\"true\"><\/p>\n<p>        <input type=\"hidden\" id=\"_wpnonce\" name=\"_wpnonce\" value=\"a29dc732b5\" \/><input type=\"hidden\" name=\"_wp_http_referer\" value=\"\/esp\/wp-json\/wp\/v2\/pages\/1064\" \/><br \/>\n        <input type=\"hidden\" name=\"action\" value=\"inbound_contact_form\"><\/p>\n<p>        <input type=\"hidden\" name=\"contact-origin\" id=\"contact-origin\" value=\"\"><\/p>\n<div class=\"form-group text-center col-md-12\">\n<p>            <button type=\"submit\" class=\"btn btn-lg btn-primary\" id=\"contact-form-shortcode-submit\">Descargar el<br \/>\n                E-book<\/button><\/p>\n<\/div>\n<\/form>\n<\/div>\n<p><script>\njQuery(function() {<\/p>\n<p>    jQuery('#contact-form-shortcode').ajaxForm({<\/p>\n<p>        url: ajaxurl,<\/p>\n<p>        dataType: 'json',<\/p>\n<p>        beforeSubmit: function(formData, jqForm, options) {<\/p>\n<p>            \/\/ optionally process data before submitting the form via AJAX<\/p>\n<p>            jQuery('#contact-form-shortcode-submit').attr('disabled', '').text(\n                'Enviando...');<\/p>\n<p>        },<\/p>\n<p>        success: function(response, statusText, xhr, $form) {<\/p>\n<p>            \/\/ code that's executed when the request is processed successfully<\/p>\n<p>            jQuery('#contact-form-shortcode-submit').removeAttr('disabled');<\/p>\n<p>            if (response.success) {<\/p>\n<p>                jQuery('#contact-form-shortcode-submit').text(\n                    '\u00a1Enviado!');<\/p>\n<p>                window.location.href =\n                    'http:\/\/screenmediagroup.com\/pdf-asesoria\/Guia%20para%20atraer%20clientes%20a%20tu%20sitio%20web.pdf';<\/p>\n<p>            } else {<\/p>\n<p>                jQuery('#contact-form-shortcode-submit').text(\n                    '\u00a1Error!');<\/p>\n<p>            }<\/p>\n<p>        }<\/p>\n<p>    });<\/p>\n<p>})\n<\/script><\/p>\n<\/div>\n<\/div>\n<\/div>\n<\/div>\n<\/div>\n<\/div>\n<\/div>\n","protected":false},"excerpt":{"rendered":"<p>\ufeffTu nombre Tu email Tu tel\u00e9fono Nombre de tu empresa Tama\u00f1o de tu empresa SeleccioneS\u00f3lo yoEntre 2 y 5Entre 6 y 10Entre 11 y 25Entre 26 y 50M\u00e1s de 50 Rol dentro de tu organizaci\u00f3n SeleccioneSoy propietario\/accionistaFormo parte de la directivaSoy Gerente General \/ RegionalDirijo un DepartamentoSuperviso un equipo de trabajoSoy un Asesor \/ ConsultorFormo [&hellip;]<\/p>\n","protected":false},"author":11,"featured_media":0,"parent":1080,"menu_order":0,"comment_status":"closed","ping_status":"closed","template":"template-blank-container.php","meta":{"inline_featured_image":false,"footnotes":""},"class_list":["post-1064","page","type-page","status-publish","hentry"],"yoast_head":"<!-- This site is optimized with the Yoast SEO plugin v19.3 - https:\/\/yoast.com\/wordpress\/plugins\/seo\/ -->\n<title>Download the E-Book - Inbound Marketing | Agencia de Marketing Digital en Miami - Screen Media Group<\/title>\n<meta name=\"robots\" content=\"index, follow, max-snippet:-1, max-image-preview:large, max-video-preview:-1\" \/>\n<link rel=\"canonical\" href=\"https:\/\/screenmediagroup.com\/esp\/convierte-nuevos-clientes-vende-mas-internet-traves-del-inbound-marketing-marketing-atraccion\/download-the-e-book-inbound-marketing\/\" \/>\n<meta property=\"og:locale\" content=\"es_ES\" \/>\n<meta property=\"og:type\" content=\"article\" \/>\n<meta property=\"og:title\" content=\"Download the E-Book - Inbound Marketing | Agencia de Marketing Digital en Miami - Screen Media Group\" \/>\n<meta property=\"og:description\" content=\"\ufeffTu nombre Tu email Tu tel\u00e9fono Nombre de tu empresa Tama\u00f1o de tu empresa SeleccioneS\u00f3lo yoEntre 2 y 5Entre 6 y 10Entre 11 y 25Entre 26 y 50M\u00e1s de 50 Rol dentro de tu organizaci\u00f3n SeleccioneSoy propietario\/accionistaFormo parte de la directivaSoy Gerente General \/ RegionalDirijo un DepartamentoSuperviso un equipo de trabajoSoy un Asesor \/ ConsultorFormo [&hellip;]\" \/>\n<meta property=\"og:url\" content=\"https:\/\/screenmediagroup.com\/esp\/convierte-nuevos-clientes-vende-mas-internet-traves-del-inbound-marketing-marketing-atraccion\/download-the-e-book-inbound-marketing\/\" \/>\n<meta property=\"og:site_name\" content=\"Agencia de Marketing Digital en Miami - Screen Media Group\" \/>\n<meta property=\"article:publisher\" content=\"https:\/\/www.facebook.com\/ScreenMediaGroup\" \/>\n<meta property=\"article:modified_time\" content=\"2017-02-13T19:45:32+00:00\" \/>\n<meta property=\"og:image\" content=\"https:\/\/screenmediagroup.com\/esp\/wp-content\/uploads\/sites\/3\/2016\/11\/libros.png\" \/>\n<meta name=\"twitter:card\" content=\"summary_large_image\" \/>\n<meta name=\"twitter:site\" content=\"@smginteractivo\" \/>\n<!-- \/ Yoast SEO plugin. -->","yoast_head_json":{"title":"Download the E-Book - Inbound Marketing | Agencia de Marketing Digital en Miami - Screen Media Group","robots":{"index":"index","follow":"follow","max-snippet":"max-snippet:-1","max-image-preview":"max-image-preview:large","max-video-preview":"max-video-preview:-1"},"canonical":"https:\/\/screenmediagroup.com\/esp\/convierte-nuevos-clientes-vende-mas-internet-traves-del-inbound-marketing-marketing-atraccion\/download-the-e-book-inbound-marketing\/","og_locale":"es_ES","og_type":"article","og_title":"Download the E-Book - Inbound Marketing | Agencia de Marketing Digital en Miami - Screen Media Group","og_description":"\ufeffTu nombre Tu email Tu tel\u00e9fono Nombre de tu empresa Tama\u00f1o de tu empresa SeleccioneS\u00f3lo yoEntre 2 y 5Entre 6 y 10Entre 11 y 25Entre 26 y 50M\u00e1s de 50 Rol dentro de tu organizaci\u00f3n SeleccioneSoy propietario\/accionistaFormo parte de la directivaSoy Gerente General \/ RegionalDirijo un DepartamentoSuperviso un equipo de trabajoSoy un Asesor \/ ConsultorFormo [&hellip;]","og_url":"https:\/\/screenmediagroup.com\/esp\/convierte-nuevos-clientes-vende-mas-internet-traves-del-inbound-marketing-marketing-atraccion\/download-the-e-book-inbound-marketing\/","og_site_name":"Agencia de Marketing Digital en Miami - Screen Media Group","article_publisher":"https:\/\/www.facebook.com\/ScreenMediaGroup","article_modified_time":"2017-02-13T19:45:32+00:00","og_image":[{"url":"https:\/\/screenmediagroup.com\/esp\/wp-content\/uploads\/sites\/3\/2016\/11\/libros.png"}],"twitter_card":"summary_large_image","twitter_site":"@smginteractivo","schema":{"@context":"https:\/\/schema.org","@graph":[{"@type":"Organization","@id":"https:\/\/screenmediagroup.com\/esp\/#organization","name":"Agencia de Marketing Digital | Screen Media Group | Agencia Web | Empresa de Mercadeo | Top de las Agencias | Vende en USA | Shopify Partner | Tiendas Digitales","url":"https:\/\/screenmediagroup.com\/esp\/","sameAs":["https:\/\/www.instagram.com\/screenmediagroup\/","https:\/\/www.linkedin.com\/company\/screen-media-group","https:\/\/pinterest.com\/smginteractivo\/","https:\/\/www.youtube.com\/channel\/UC8zrHMWJ79M3d10kjHtqlHA","https:\/\/www.facebook.com\/ScreenMediaGroup","https:\/\/twitter.com\/smginteractivo"],"logo":{"@type":"ImageObject","inLanguage":"es","@id":"https:\/\/screenmediagroup.com\/esp\/#\/schema\/logo\/image\/","url":"https:\/\/screenmediagroup.com\/esp\/wp-content\/uploads\/sites\/3\/2023\/03\/cropped-favicon-SMG.png","contentUrl":"https:\/\/screenmediagroup.com\/esp\/wp-content\/uploads\/sites\/3\/2023\/03\/cropped-favicon-SMG.png","width":512,"height":512,"caption":"Agencia de Marketing Digital | Screen Media Group | Agencia Web | Empresa de Mercadeo | Top de las Agencias | Vende en USA | Shopify Partner | Tiendas Digitales"},"image":{"@id":"https:\/\/screenmediagroup.com\/esp\/#\/schema\/logo\/image\/"}},{"@type":"WebSite","@id":"https:\/\/screenmediagroup.com\/esp\/#website","url":"https:\/\/screenmediagroup.com\/esp\/","name":"Agencia de Marketing Digital en Miami - Screen Media Group","description":"Agencia de marketing digital en Miami, Recibe acompa\u00f1amiento digital, integral y profesional paso a paso de acuerdo a una metodolog\u00eda validada en cientos de proyectos en internet con Startups, Tiendas Online, Comercio Electr\u00f3nico, Ventas por internet, Inbound Marketing, SEO Web On-Site y Off-Site","publisher":{"@id":"https:\/\/screenmediagroup.com\/esp\/#organization"},"potentialAction":[{"@type":"SearchAction","target":{"@type":"EntryPoint","urlTemplate":"https:\/\/screenmediagroup.com\/esp\/?s={search_term_string}"},"query-input":"required name=search_term_string"}],"inLanguage":"es"},{"@type":"ImageObject","inLanguage":"es","@id":"https:\/\/screenmediagroup.com\/esp\/convierte-nuevos-clientes-vende-mas-internet-traves-del-inbound-marketing-marketing-atraccion\/download-the-e-book-inbound-marketing\/#primaryimage","url":"https:\/\/screenmediagroup.com\/esp\/wp-content\/uploads\/sites\/3\/2016\/11\/libros.png","contentUrl":"https:\/\/screenmediagroup.com\/esp\/wp-content\/uploads\/sites\/3\/2016\/11\/libros.png","width":1018,"height":714},{"@type":"WebPage","@id":"https:\/\/screenmediagroup.com\/esp\/convierte-nuevos-clientes-vende-mas-internet-traves-del-inbound-marketing-marketing-atraccion\/download-the-e-book-inbound-marketing\/","url":"https:\/\/screenmediagroup.com\/esp\/convierte-nuevos-clientes-vende-mas-internet-traves-del-inbound-marketing-marketing-atraccion\/download-the-e-book-inbound-marketing\/","name":"Download the E-Book - Inbound Marketing | Agencia de Marketing Digital en Miami - Screen Media Group","isPartOf":{"@id":"https:\/\/screenmediagroup.com\/esp\/#website"},"primaryImageOfPage":{"@id":"https:\/\/screenmediagroup.com\/esp\/convierte-nuevos-clientes-vende-mas-internet-traves-del-inbound-marketing-marketing-atraccion\/download-the-e-book-inbound-marketing\/#primaryimage"},"datePublished":"2016-11-25T15:53:58+00:00","dateModified":"2017-02-13T19:45:32+00:00","breadcrumb":{"@id":"https:\/\/screenmediagroup.com\/esp\/convierte-nuevos-clientes-vende-mas-internet-traves-del-inbound-marketing-marketing-atraccion\/download-the-e-book-inbound-marketing\/#breadcrumb"},"inLanguage":"es","potentialAction":[{"@type":"ReadAction","target":["https:\/\/screenmediagroup.com\/esp\/convierte-nuevos-clientes-vende-mas-internet-traves-del-inbound-marketing-marketing-atraccion\/download-the-e-book-inbound-marketing\/"]}]},{"@type":"BreadcrumbList","@id":"https:\/\/screenmediagroup.com\/esp\/convierte-nuevos-clientes-vende-mas-internet-traves-del-inbound-marketing-marketing-atraccion\/download-the-e-book-inbound-marketing\/#breadcrumb","itemListElement":[{"@type":"ListItem","position":1,"name":"Agencia de Marketing en Miami","item":"https:\/\/screenmediagroup.com\/esp\/"},{"@type":"ListItem","position":2,"name":"CONVIERTE NUEVOS CLIENTES Y VENDE MAS EN INTERNET A TRAV\u00c9S DEL INBOUND MARKETING o marketing de atracci\u00f3n","item":"https:\/\/screenmediagroup.com\/esp\/convierte-nuevos-clientes-vende-mas-internet-traves-del-inbound-marketing-marketing-atraccion\/"},{"@type":"ListItem","position":3,"name":"Download the E-Book &#8211; Inbound Marketing"}]}]}},"_links":{"self":[{"href":"https:\/\/screenmediagroup.com\/esp\/wp-json\/wp\/v2\/pages\/1064","targetHints":{"allow":["GET"]}}],"collection":[{"href":"https:\/\/screenmediagroup.com\/esp\/wp-json\/wp\/v2\/pages"}],"about":[{"href":"https:\/\/screenmediagroup.com\/esp\/wp-json\/wp\/v2\/types\/page"}],"author":[{"embeddable":true,"href":"https:\/\/screenmediagroup.com\/esp\/wp-json\/wp\/v2\/users\/11"}],"replies":[{"embeddable":true,"href":"https:\/\/screenmediagroup.com\/esp\/wp-json\/wp\/v2\/comments?post=1064"}],"version-history":[{"count":15,"href":"https:\/\/screenmediagroup.com\/esp\/wp-json\/wp\/v2\/pages\/1064\/revisions"}],"predecessor-version":[{"id":1177,"href":"https:\/\/screenmediagroup.com\/esp\/wp-json\/wp\/v2\/pages\/1064\/revisions\/1177"}],"up":[{"embeddable":true,"href":"https:\/\/screenmediagroup.com\/esp\/wp-json\/wp\/v2\/pages\/1080"}],"wp:attachment":[{"href":"https:\/\/screenmediagroup.com\/esp\/wp-json\/wp\/v2\/media?parent=1064"}],"curies":[{"name":"wp","href":"https:\/\/api.w.org\/{rel}","templated":true}]}}